{"id":8,"date":"2015-06-02T06:22:54","date_gmt":"2015-06-02T06:22:54","guid":{"rendered":"http:\/\/www.gartenbau-magdeburg.de\/wordpress\/?page_id=8"},"modified":"2016-02-03T19:46:23","modified_gmt":"2016-02-03T18:46:23","slug":"leistungen","status":"publish","type":"page","link":"https:\/\/www.gartenbau-magdeburg.de\/wordpress\/leistungen\/","title":{"rendered":"Leistungen"},"content":{"rendered":"<h2>Leistungen<\/h2>\n<p><img loading=\"lazy\" decoding=\"async\" src=\"http:\/\/www.gartenbau-magdeburg.de\/wordpress\/wp-content\/uploads\/2016\/02\/rasenm-300x200.jpg\" alt=\"\" width=\"140\" height=\"93\" \/><\/p>\n<p><img loading=\"lazy\" decoding=\"async\" src=\"http:\/\/www.gartenbau-magdeburg.de\/wordpress\/wp-content\/uploads\/2016\/02\/astsch-300x200.jpg\" alt=\"\" width=\"140\" height=\"93\" \/><\/p>\n<p>Wir verf\u00fcgen \u00fcber das notwendige Fachwissen und die dazugeh\u00f6rigen Qualifikationen, um alle erforderlichen Arbeiten in ausgezeichneter Qualit\u00e4t ausf\u00fchren zu k\u00f6nnen.<\/p>\n<p>Zu unserem Leistungsprofil geh\u00f6rt u. a.:<\/p>\n<ul class=\"services\">\n<li>Gartenberatung<\/li>\n<li>Hecken- und Gr\u00fcnschnitt<\/li>\n<li><\/li>\n<li>Geh\u00f6lzschnitt<\/li>\n<li>Neuanlage und Pflege von Gr\u00fcn- und Freifl\u00e4chen<\/li>\n<li>Saisonbepflanzung<\/li>\n<li>Lieferung und pflanzen von Geh\u00f6lzen und Stauden<\/li>\n<li>Rasenpflege (M\u00e4hen, D\u00fcngen, Vertikultieren, &#8230;)<\/li>\n<li>Verlegen von Rollrasen<\/li>\n<li>Baumf\u00e4llarbeiten (auch mit Seilkletter-Technik)<\/li>\n<li>Stumpfentfernung<\/li>\n<li>Sturmschadenbeseitigung<\/li>\n<li>Entlauben<\/li>\n<li>Winterdienst &amp; Hausmeisterservice<\/li>\n<\/ul>\n","protected":false},"excerpt":{"rendered":"<p>Leistungen Wir verf\u00fcgen \u00fcber das notwendige Fachwissen und die dazugeh\u00f6rigen Qualifikationen, um alle erforderlichen Arbeiten in ausgezeichneter Qualit\u00e4t ausf\u00fchren zu k\u00f6nnen. Zu unserem Leistungsprofil geh\u00f6rt u. a.: Gartenberatung Hecken- und Gr\u00fcnschnitt Geh\u00f6lzschnitt Neuanlage und Pflege von Gr\u00fcn- und Freifl\u00e4chen Saisonbepflanzung Lieferung und pflanzen von Geh\u00f6lzen und Stauden Rasenpflege (M\u00e4hen, D\u00fcngen, Vertikultieren, &#8230;) Verlegen von Rollrasen [&hellip;]<\/p>\n","protected":false},"author":1,"featured_media":0,"parent":0,"menu_order":0,"comment_status":"open","ping_status":"open","template":"","meta":{"footnotes":""},"class_list":["post-8","page","type-page","status-publish","hentry"],"_links":{"self":[{"href":"https:\/\/www.gartenbau-magdeburg.de\/wordpress\/wp-json\/wp\/v2\/pages\/8","targetHints":{"allow":["GET"]}}],"collection":[{"href":"https:\/\/www.gartenbau-magdeburg.de\/wordpress\/wp-json\/wp\/v2\/pages"}],"about":[{"href":"https:\/\/www.gartenbau-magdeburg.de\/wordpress\/wp-json\/wp\/v2\/types\/page"}],"author":[{"embeddable":true,"href":"https:\/\/www.gartenbau-magdeburg.de\/wordpress\/wp-json\/wp\/v2\/users\/1"}],"replies":[{"embeddable":true,"href":"https:\/\/www.gartenbau-magdeburg.de\/wordpress\/wp-json\/wp\/v2\/comments?post=8"}],"version-history":[{"count":3,"href":"https:\/\/www.gartenbau-magdeburg.de\/wordpress\/wp-json\/wp\/v2\/pages\/8\/revisions"}],"predecessor-version":[{"id":41,"href":"https:\/\/www.gartenbau-magdeburg.de\/wordpress\/wp-json\/wp\/v2\/pages\/8\/revisions\/41"}],"wp:attachment":[{"href":"https:\/\/www.gartenbau-magdeburg.de\/wordpress\/wp-json\/wp\/v2\/media?parent=8"}],"curies":[{"name":"wp","href":"https:\/\/api.w.org\/{rel}","templated":true}]}}