{"id":6,"date":"2015-06-02T06:22:16","date_gmt":"2015-06-02T06:22:16","guid":{"rendered":"http:\/\/www.gartenbau-magdeburg.de\/wordpress\/?page_id=6"},"modified":"2016-02-03T19:43:53","modified_gmt":"2016-02-03T18:43:53","slug":"start","status":"publish","type":"page","link":"https:\/\/www.gartenbau-magdeburg.de\/wordpress\/","title":{"rendered":"Start"},"content":{"rendered":"<div class=\"section_w500\">\n<h2>Willkommen<\/h2>\n<p class=\"em_text\">Wir sind ein junges und fachlich kompetentes Team mit \u00fcber 11 Jahren Berufserfahrung im Bereich Garten- und Landschaftsbau. Unsere Fachleute verf\u00fcgen \u00fcber eine sehr gute Ausbildung und sind hochmotiviert Ihre W\u00fcnsche und Vorstellungen zu erf\u00fcllen. Wir erstellen nach Ihren W\u00fcnschen und Vorstellungen die Planung, f\u00fchren alle Arbeiten im Au\u00dfenbereich aus und pflegen Gr\u00fcnanlagen flexibel, pr\u00e4zise und fristgerecht. Gerne unterst\u00fctzen wir sie auch mit neuen Ideen im Bereich Garten- und Landschaftsbau. Zu unseren Kunden z\u00e4hlen mittelst\u00e4ndiche Unternehmen, \u00f6ffentliche Auftraggeber und viele zufriedene private Auftraggeber. Lassen sie uns daher noch heute gemeinsam \u00fcber ihre Gartenbauw\u00fcnsche sprechen. Ihr Team von Frentzel Gartenbau<\/p>\n<\/div>\n<div class=\"section_w500\">\n<h2>Wir stellen ein<\/h2>\n<p><a href=\"mailto:frentzel@gartenbau-magdeburg.de\" rel=\"attachment wp-att-36\"><img loading=\"lazy\" decoding=\"async\" class=\"alignnone size-medium wp-image-36\" src=\"http:\/\/www.gartenbau-magdeburg.de\/wordpress\/wp-content\/uploads\/2016\/02\/WirStellenEin-300x92.png\" alt=\"Wir suchen st\u00e4ndig neue engagierte Mitarbeiter die Lust haben in einem jungen Team zu arbeiten. Schreiben sie uns an.\" width=\"300\" height=\"92\" srcset=\"https:\/\/www.gartenbau-magdeburg.de\/wordpress\/wp-content\/uploads\/2016\/02\/WirStellenEin-300x92.png 300w, https:\/\/www.gartenbau-magdeburg.de\/wordpress\/wp-content\/uploads\/2016\/02\/WirStellenEin.png 301w\" sizes=\"auto, (max-width: 300px) 100vw, 300px\" \/><\/a><\/p>\n<\/div>\n<div class=\"section_w500\">\n<h2>Gartenbau-Tipp des Monats<\/h2>\n<p><b>Rollrasen &#8211; Rasen von der Rolle:<\/b> Dahinter verbirgt sich ein fertiger Rasen, der frisch zum Kunden nach Hause geliefert und wie ein Teppich ausgelegt wird. F\u00fcr jeden Grundst\u00fccksbesitzer, der nicht bis zu einem Jahr lang auf seinen neuen Rasen warten m\u00f6chte, stellt der Rollrasen eine gute Alternative dar. Fragen Sie uns, wir beraten Sie gerne.<\/p>\n<ul class=\"services\">\n<li>Fragen Sie uns, wir beraten Sie gerne.<\/li>\n<\/ul>\n<\/div>\n","protected":false},"excerpt":{"rendered":"<p>Willkommen Wir sind ein junges und fachlich kompetentes Team mit \u00fcber 11 Jahren Berufserfahrung im Bereich Garten- und Landschaftsbau. Unsere Fachleute verf\u00fcgen \u00fcber eine sehr gute Ausbildung und sind hochmotiviert Ihre W\u00fcnsche und Vorstellungen zu erf\u00fcllen. Wir erstellen nach Ihren W\u00fcnschen und Vorstellungen die Planung, f\u00fchren alle Arbeiten im Au\u00dfenbereich aus und pflegen Gr\u00fcnanlagen flexibel, [&hellip;]<\/p>\n","protected":false},"author":1,"featured_media":0,"parent":0,"menu_order":0,"comment_status":"open","ping_status":"open","template":"","meta":{"footnotes":""},"class_list":["post-6","page","type-page","status-publish","hentry"],"_links":{"self":[{"href":"https:\/\/www.gartenbau-magdeburg.de\/wordpress\/wp-json\/wp\/v2\/pages\/6","targetHints":{"allow":["GET"]}}],"collection":[{"href":"https:\/\/www.gartenbau-magdeburg.de\/wordpress\/wp-json\/wp\/v2\/pages"}],"about":[{"href":"https:\/\/www.gartenbau-magdeburg.de\/wordpress\/wp-json\/wp\/v2\/types\/page"}],"author":[{"embeddable":true,"href":"https:\/\/www.gartenbau-magdeburg.de\/wordpress\/wp-json\/wp\/v2\/users\/1"}],"replies":[{"embeddable":true,"href":"https:\/\/www.gartenbau-magdeburg.de\/wordpress\/wp-json\/wp\/v2\/comments?post=6"}],"version-history":[{"count":3,"href":"https:\/\/www.gartenbau-magdeburg.de\/wordpress\/wp-json\/wp\/v2\/pages\/6\/revisions"}],"predecessor-version":[{"id":38,"href":"https:\/\/www.gartenbau-magdeburg.de\/wordpress\/wp-json\/wp\/v2\/pages\/6\/revisions\/38"}],"wp:attachment":[{"href":"https:\/\/www.gartenbau-magdeburg.de\/wordpress\/wp-json\/wp\/v2\/media?parent=6"}],"curies":[{"name":"wp","href":"https:\/\/api.w.org\/{rel}","templated":true}]}}