{"id":11,"date":"2015-06-02T06:23:07","date_gmt":"2015-06-02T06:23:07","guid":{"rendered":"http:\/\/www.gartenbau-magdeburg.de\/wordpress\/?page_id=11"},"modified":"2016-02-03T19:54:17","modified_gmt":"2016-02-03T18:54:17","slug":"referenzen","status":"publish","type":"page","link":"https:\/\/www.gartenbau-magdeburg.de\/wordpress\/referenzen\/","title":{"rendered":"Referenzen"},"content":{"rendered":"<h2>Referenzen<\/h2>\n<p><strong>Gem\u00fcsebeet<\/strong><\/p>\n<p><img loading=\"lazy\" decoding=\"async\" class=\"alignnone size-medium wp-image-42\" src=\"http:\/\/www.gartenbau-magdeburg.de\/wordpress\/wp-content\/uploads\/2016\/02\/ref1-300x200.jpg\" alt=\"ref1\" width=\"300\" height=\"200\" srcset=\"https:\/\/www.gartenbau-magdeburg.de\/wordpress\/wp-content\/uploads\/2016\/02\/ref1-300x200.jpg 300w, https:\/\/www.gartenbau-magdeburg.de\/wordpress\/wp-content\/uploads\/2016\/02\/ref1-768x512.jpg 768w, https:\/\/www.gartenbau-magdeburg.de\/wordpress\/wp-content\/uploads\/2016\/02\/ref1.jpg 900w\" sizes=\"auto, (max-width: 300px) 100vw, 300px\" \/><\/p>\n<ul>\n<li>Aushebung<\/li>\n<li>Pflanzung<\/li>\n<li>Weggestaltung<\/li>\n<\/ul>\n<p><strong>Landschaftsanlage<\/strong><\/p>\n<p><img loading=\"lazy\" decoding=\"async\" class=\"alignnone size-medium wp-image-43\" src=\"http:\/\/www.gartenbau-magdeburg.de\/wordpress\/wp-content\/uploads\/2016\/02\/ref2-300x200.jpg\" alt=\"ref2\" width=\"300\" height=\"200\" srcset=\"https:\/\/www.gartenbau-magdeburg.de\/wordpress\/wp-content\/uploads\/2016\/02\/ref2-300x200.jpg 300w, https:\/\/www.gartenbau-magdeburg.de\/wordpress\/wp-content\/uploads\/2016\/02\/ref2-768x513.jpg 768w, https:\/\/www.gartenbau-magdeburg.de\/wordpress\/wp-content\/uploads\/2016\/02\/ref2.jpg 900w\" sizes=\"auto, (max-width: 300px) 100vw, 300px\" \/><\/p>\n<ul>\n<li>Designarbeit<\/li>\n<li>Aushebungen<\/li>\n<li>Pflanzung<\/li>\n<\/ul>\n<p>&nbsp;<\/p>\n<p><strong>Abgeschlossene Projekte<\/strong><\/p>\n<ul class=\"services\">\n<li>Netzwerk Kommunikationssysteme GmbH &#8211; Pflege der Gr\u00fcnanlagen<\/li>\n<li>R.C.M. Treuhand Steuerberatung GmbH &#8211; Neuanlage und Pflege der Gr\u00fcnanlagen<\/li>\n<li>Autotrans Schmidt &#8211; Pflege der Gr\u00fcnanlagen<\/li>\n<li>Pension &#8222;Am Birkenweiler&#8220; &#8211; Pflege der Gr\u00fcnanlagen<\/li>\n<li>Bohlen &amp; Doyen Bauunternehmung GmbH &#8211; Auftragsarbeiten<\/li>\n<li>Finsterwalder Bau-Union GmbH &#8211; Auftragsarbeiten<\/li>\n<li>HAM Fassadenbau GmbH &#8211; Auftragsarbeiten<\/li>\n<li>u.v.m.<\/li>\n<\/ul>\n","protected":false},"excerpt":{"rendered":"<p>Referenzen Gem\u00fcsebeet Aushebung Pflanzung Weggestaltung Landschaftsanlage Designarbeit Aushebungen Pflanzung &nbsp; Abgeschlossene Projekte Netzwerk Kommunikationssysteme GmbH &#8211; Pflege der Gr\u00fcnanlagen R.C.M. Treuhand Steuerberatung GmbH &#8211; Neuanlage und Pflege der Gr\u00fcnanlagen Autotrans Schmidt &#8211; Pflege der Gr\u00fcnanlagen Pension &#8222;Am Birkenweiler&#8220; &#8211; Pflege der Gr\u00fcnanlagen Bohlen &amp; Doyen Bauunternehmung GmbH &#8211; Auftragsarbeiten Finsterwalder Bau-Union GmbH &#8211; Auftragsarbeiten HAM [&hellip;]<\/p>\n","protected":false},"author":1,"featured_media":0,"parent":0,"menu_order":0,"comment_status":"open","ping_status":"open","template":"","meta":{"footnotes":""},"class_list":["post-11","page","type-page","status-publish","hentry"],"_links":{"self":[{"href":"https:\/\/www.gartenbau-magdeburg.de\/wordpress\/wp-json\/wp\/v2\/pages\/11","targetHints":{"allow":["GET"]}}],"collection":[{"href":"https:\/\/www.gartenbau-magdeburg.de\/wordpress\/wp-json\/wp\/v2\/pages"}],"about":[{"href":"https:\/\/www.gartenbau-magdeburg.de\/wordpress\/wp-json\/wp\/v2\/types\/page"}],"author":[{"embeddable":true,"href":"https:\/\/www.gartenbau-magdeburg.de\/wordpress\/wp-json\/wp\/v2\/users\/1"}],"replies":[{"embeddable":true,"href":"https:\/\/www.gartenbau-magdeburg.de\/wordpress\/wp-json\/wp\/v2\/comments?post=11"}],"version-history":[{"count":4,"href":"https:\/\/www.gartenbau-magdeburg.de\/wordpress\/wp-json\/wp\/v2\/pages\/11\/revisions"}],"predecessor-version":[{"id":46,"href":"https:\/\/www.gartenbau-magdeburg.de\/wordpress\/wp-json\/wp\/v2\/pages\/11\/revisions\/46"}],"wp:attachment":[{"href":"https:\/\/www.gartenbau-magdeburg.de\/wordpress\/wp-json\/wp\/v2\/media?parent=11"}],"curies":[{"name":"wp","href":"https:\/\/api.w.org\/{rel}","templated":true}]}}